{"id":57,"date":"2018-09-14T20:57:42","date_gmt":"2018-09-14T20:57:42","guid":{"rendered":"http:\/\/xn--trdgrnsen-w2ad.se\/?page_id=57"},"modified":"2019-05-25T14:02:54","modified_gmt":"2019-05-25T14:02:54","slug":"photo-gallery","status":"publish","type":"page","link":"https:\/\/tradgransen.se\/index.php\/photo-gallery\/","title":{"rendered":"Photos"},"content":{"rendered":"<div data-carousel-extra='{\"blog_id\":1,\"permalink\":\"https:\\\/\\\/tradgransen.se\\\/index.php\\\/photo-gallery\\\/\"}' class=\"tiled-gallery type-rectangular\" data-original-width=\"1088\"><div class=\"gallery-row\" style=\"width: 1083px; height: 517px;\"><div class=\"gallery-group images-1\" style=\"width: 693px; height: 521px;\"><div class=\"tiled-gallery-item tiled-gallery-item-large\"><a href=\"https:\/\/tradgransen.se\/p1050416\/\"><img loading=\"lazy\" decoding=\"async\" data-attachment-id=\"134\" data-orig-file=\"https:\/\/tradgransen.se\/wp-content\/uploads\/2018\/10\/P1050416.jpg\" data-orig-size=\"3264,2448\" data-comments-opened=\"1\" data-image-meta=\"{&quot;aperture&quot;:&quot;0&quot;,&quot;credit&quot;:&quot;&quot;,&quot;camera&quot;:&quot;&quot;,&quot;caption&quot;:&quot;&quot;,&quot;created_timestamp&quot;:&quot;1536775345&quot;,&quot;copyright&quot;:&quot;&quot;,&quot;focal_length&quot;:&quot;0&quot;,&quot;iso&quot;:&quot;0&quot;,&quot;shutter_speed&quot;:&quot;0&quot;,&quot;title&quot;:&quot;&quot;,&quot;orientation&quot;:&quot;0&quot;}\" data-image-title=\"H\u00f6st p\u00e5 Skarvarna\" data-image-description=\"\" data-medium-file=\"https:\/\/tradgransen.se\/wp-content\/uploads\/2018\/10\/P1050416-300x225.jpg\" data-large-file=\"https:\/\/tradgransen.se\/wp-content\/uploads\/2018\/10\/P1050416-1024x768.jpg\" src=\"https:\/\/tradgransen.se\/wp-content\/uploads\/2018\/10\/P1050416-689x517.jpg\" width=\"689\" height=\"517\" align=\"left\" title=\"H\u00f6st p\u00e5 Skarvarna\" \/><\/a><\/div><\/div><div class=\"gallery-group images-2\" style=\"width: 390px; height: 521px;\"><div class=\"tiled-gallery-item tiled-gallery-item-large\"><a href=\"https:\/\/tradgransen.se\/index.php\/photo-gallery\/dsc_0071lr\/\"><img loading=\"lazy\" decoding=\"async\" data-attachment-id=\"79\" data-orig-file=\"https:\/\/tradgransen.se\/wp-content\/uploads\/2018\/09\/DSC_0071LR.jpg\" data-orig-size=\"4928,3264\" data-comments-opened=\"1\" data-image-meta=\"{&quot;aperture&quot;:&quot;32&quot;,&quot;credit&quot;:&quot;&quot;,&quot;camera&quot;:&quot;NIKON D5100&quot;,&quot;caption&quot;:&quot;&quot;,&quot;created_timestamp&quot;:&quot;1532177754&quot;,&quot;copyright&quot;:&quot;&quot;,&quot;focal_length&quot;:&quot;70&quot;,&quot;iso&quot;:&quot;400&quot;,&quot;shutter_speed&quot;:&quot;0.05&quot;,&quot;title&quot;:&quot;&quot;,&quot;orientation&quot;:&quot;0&quot;}\" data-image-title=\"Livs\u00e4tra\" data-image-description=\"\" data-medium-file=\"https:\/\/tradgransen.se\/wp-content\/uploads\/2018\/09\/DSC_0071LR-300x199.jpg\" data-large-file=\"https:\/\/tradgransen.se\/wp-content\/uploads\/2018\/09\/DSC_0071LR-1024x678.jpg\" src=\"https:\/\/tradgransen.se\/wp-content\/uploads\/2018\/09\/DSC_0071LR-386x256.jpg\" width=\"386\" height=\"256\" align=\"left\" title=\"Livs\u00e4tra\" \/><\/a><\/div><div class=\"tiled-gallery-item tiled-gallery-item-large\"><a href=\"https:\/\/tradgransen.se\/index.php\/photo-gallery\/fjallbastu\/\"><img loading=\"lazy\" decoding=\"async\" data-attachment-id=\"80\" data-orig-file=\"https:\/\/tradgransen.se\/wp-content\/uploads\/2018\/09\/fjallbastu.jpg\" data-orig-size=\"1167,778\" data-comments-opened=\"1\" data-image-meta=\"{&quot;aperture&quot;:&quot;5.6&quot;,&quot;credit&quot;:&quot;&quot;,&quot;camera&quot;:&quot;DSC-RX100&quot;,&quot;caption&quot;:&quot;&quot;,&quot;created_timestamp&quot;:&quot;1514636997&quot;,&quot;copyright&quot;:&quot;&quot;,&quot;focal_length&quot;:&quot;18.45&quot;,&quot;iso&quot;:&quot;125&quot;,&quot;shutter_speed&quot;:&quot;0.003125&quot;,&quot;title&quot;:&quot;&quot;,&quot;orientation&quot;:&quot;1&quot;}\" data-image-title=\"Utsikt mot An\u00e5fj\u00e4llen\" data-image-description=\"\" data-medium-file=\"https:\/\/tradgransen.se\/wp-content\/uploads\/2018\/09\/fjallbastu-300x200.jpg\" data-large-file=\"https:\/\/tradgransen.se\/wp-content\/uploads\/2018\/09\/fjallbastu-1024x683.jpg\" src=\"https:\/\/tradgransen.se\/wp-content\/uploads\/2018\/09\/fjallbastu-386x257.jpg\" width=\"386\" height=\"257\" align=\"left\" title=\"Utsikt mot An\u00e5fj\u00e4llen\" \/><\/a><\/div><\/div><\/div><div class=\"gallery-row\" style=\"width: 1083px; height: 226px;\"><div class=\"gallery-group images-1\" style=\"width: 343px; height: 230px;\"><div class=\"tiled-gallery-item tiled-gallery-item-large\"><a href=\"https:\/\/tradgransen.se\/p1050731\/\"><img loading=\"lazy\" decoding=\"async\" data-attachment-id=\"136\" data-orig-file=\"https:\/\/tradgransen.se\/wp-content\/uploads\/2018\/10\/P1050731.jpg\" data-orig-size=\"4608,3072\" data-comments-opened=\"1\" data-image-meta=\"{&quot;aperture&quot;:&quot;0&quot;,&quot;credit&quot;:&quot;&quot;,&quot;camera&quot;:&quot;&quot;,&quot;caption&quot;:&quot;&quot;,&quot;created_timestamp&quot;:&quot;1538464315&quot;,&quot;copyright&quot;:&quot;&quot;,&quot;focal_length&quot;:&quot;0&quot;,&quot;iso&quot;:&quot;0&quot;,&quot;shutter_speed&quot;:&quot;0&quot;,&quot;title&quot;:&quot;&quot;,&quot;orientation&quot;:&quot;0&quot;}\" data-image-title=\"Embla\" data-image-description=\"\" data-medium-file=\"https:\/\/tradgransen.se\/wp-content\/uploads\/2018\/10\/P1050731-300x200.jpg\" data-large-file=\"https:\/\/tradgransen.se\/wp-content\/uploads\/2018\/10\/P1050731-1024x683.jpg\" src=\"https:\/\/tradgransen.se\/wp-content\/uploads\/2018\/10\/P1050731-339x226.jpg\" width=\"339\" height=\"226\" align=\"left\" title=\"Embla\" \/><\/a><\/div><\/div><div class=\"gallery-group images-1\" style=\"width: 305px; height: 230px;\"><div class=\"tiled-gallery-item tiled-gallery-item-large\"><a href=\"https:\/\/tradgransen.se\/p1050389\/\"><img loading=\"lazy\" decoding=\"async\" data-attachment-id=\"131\" data-orig-file=\"https:\/\/tradgransen.se\/wp-content\/uploads\/2018\/10\/P1050389.jpg\" data-orig-size=\"3264,2448\" data-comments-opened=\"1\" data-image-meta=\"{&quot;aperture&quot;:&quot;0&quot;,&quot;credit&quot;:&quot;&quot;,&quot;camera&quot;:&quot;&quot;,&quot;caption&quot;:&quot;&quot;,&quot;created_timestamp&quot;:&quot;1536774090&quot;,&quot;copyright&quot;:&quot;&quot;,&quot;focal_length&quot;:&quot;0&quot;,&quot;iso&quot;:&quot;0&quot;,&quot;shutter_speed&quot;:&quot;0&quot;,&quot;title&quot;:&quot;&quot;,&quot;orientation&quot;:&quot;0&quot;}\" data-image-title=\"H\u00f6st p\u00e5 Fl\u00e5ten\" data-image-description=\"\" data-medium-file=\"https:\/\/tradgransen.se\/wp-content\/uploads\/2018\/10\/P1050389-300x225.jpg\" data-large-file=\"https:\/\/tradgransen.se\/wp-content\/uploads\/2018\/10\/P1050389-1024x768.jpg\" src=\"https:\/\/tradgransen.se\/wp-content\/uploads\/2018\/10\/P1050389-301x226.jpg\" width=\"301\" height=\"226\" align=\"left\" title=\"H\u00f6st p\u00e5 Fl\u00e5ten\" \/><\/a><\/div><\/div><div class=\"gallery-group images-1\" style=\"width: 435px; height: 230px;\"><div class=\"tiled-gallery-item tiled-gallery-item-large\"><a href=\"https:\/\/tradgransen.se\/p1050791\/\"><img loading=\"lazy\" decoding=\"async\" data-attachment-id=\"140\" data-orig-file=\"https:\/\/tradgransen.se\/wp-content\/uploads\/2018\/10\/P1050791-e1539274345401.jpg\" data-orig-size=\"4608,2419\" data-comments-opened=\"1\" data-image-meta=\"{&quot;aperture&quot;:&quot;0&quot;,&quot;credit&quot;:&quot;&quot;,&quot;camera&quot;:&quot;&quot;,&quot;caption&quot;:&quot;&quot;,&quot;created_timestamp&quot;:&quot;1539014955&quot;,&quot;copyright&quot;:&quot;&quot;,&quot;focal_length&quot;:&quot;0&quot;,&quot;iso&quot;:&quot;0&quot;,&quot;shutter_speed&quot;:&quot;0&quot;,&quot;title&quot;:&quot;&quot;,&quot;orientation&quot;:&quot;0&quot;}\" data-image-title=\"Embla&#8217;s adventures\" data-image-description=\"\" data-medium-file=\"https:\/\/tradgransen.se\/wp-content\/uploads\/2018\/10\/P1050791-e1539274345401-300x157.jpg\" data-large-file=\"https:\/\/tradgransen.se\/wp-content\/uploads\/2018\/10\/P1050791-e1539274345401-1024x538.jpg\" src=\"https:\/\/tradgransen.se\/wp-content\/uploads\/2018\/10\/P1050791-e1539274345401-431x226.jpg\" width=\"431\" height=\"226\" align=\"left\" title=\"Embla&#039;s adventures\" \/><\/a><\/div><\/div><\/div><div class=\"gallery-row\" style=\"width: 1083px; height: 489px;\"><div class=\"gallery-group images-2\" style=\"width: 346px; height: 493px;\"><div class=\"tiled-gallery-item tiled-gallery-item-large\"><a href=\"https:\/\/tradgransen.se\/p1050397-copy\/\"><img loading=\"lazy\" decoding=\"async\" data-attachment-id=\"133\" data-orig-file=\"https:\/\/tradgransen.se\/wp-content\/uploads\/2018\/10\/P1050397-copy.jpg\" data-orig-size=\"3264,2448\" data-comments-opened=\"1\" data-image-meta=\"{&quot;aperture&quot;:&quot;0&quot;,&quot;credit&quot;:&quot;&quot;,&quot;camera&quot;:&quot;&quot;,&quot;caption&quot;:&quot;&quot;,&quot;created_timestamp&quot;:&quot;1536774667&quot;,&quot;copyright&quot;:&quot;&quot;,&quot;focal_length&quot;:&quot;0&quot;,&quot;iso&quot;:&quot;0&quot;,&quot;shutter_speed&quot;:&quot;0&quot;,&quot;title&quot;:&quot;&quot;,&quot;orientation&quot;:&quot;0&quot;}\" data-image-title=\"Where does it lead?\" data-image-description=\"\" data-medium-file=\"https:\/\/tradgransen.se\/wp-content\/uploads\/2018\/10\/P1050397-copy-300x225.jpg\" data-large-file=\"https:\/\/tradgransen.se\/wp-content\/uploads\/2018\/10\/P1050397-copy-1024x768.jpg\" src=\"https:\/\/tradgransen.se\/wp-content\/uploads\/2018\/10\/P1050397-copy-342x257.jpg\" width=\"342\" height=\"257\" align=\"left\" title=\"Where does it lead?\" \/><\/a><\/div><div class=\"tiled-gallery-item tiled-gallery-item-large\"><a href=\"https:\/\/tradgransen.se\/tjader\/\"><img loading=\"lazy\" decoding=\"async\" data-attachment-id=\"127\" data-orig-file=\"https:\/\/tradgransen.se\/wp-content\/uploads\/2018\/10\/Tj\u00e4der.jpg\" data-orig-size=\"4608,3072\" data-comments-opened=\"1\" data-image-meta=\"{&quot;aperture&quot;:&quot;2.8&quot;,&quot;credit&quot;:&quot;&quot;,&quot;camera&quot;:&quot;DMC-GH4&quot;,&quot;caption&quot;:&quot;&quot;,&quot;created_timestamp&quot;:&quot;1538389261&quot;,&quot;copyright&quot;:&quot;&quot;,&quot;focal_length&quot;:&quot;100&quot;,&quot;iso&quot;:&quot;200&quot;,&quot;shutter_speed&quot;:&quot;0.004&quot;,&quot;title&quot;:&quot;&quot;,&quot;orientation&quot;:&quot;1&quot;}\" data-image-title=\"Tj\u00e4der\" data-image-description=\"\" data-medium-file=\"https:\/\/tradgransen.se\/wp-content\/uploads\/2018\/10\/Tj\u00e4der-300x200.jpg\" data-large-file=\"https:\/\/tradgransen.se\/wp-content\/uploads\/2018\/10\/Tj\u00e4der-1024x683.jpg\" src=\"https:\/\/tradgransen.se\/wp-content\/uploads\/2018\/10\/Tj\u00e4der-342x228.jpg\" width=\"342\" height=\"228\" align=\"left\" title=\"Tj\u00e4der\" \/><\/a><\/div><\/div><div class=\"gallery-group images-1\" style=\"width: 737px; height: 493px;\"><div class=\"tiled-gallery-item tiled-gallery-item-large\"><a href=\"https:\/\/tradgransen.se\/index.php\/about\/dsc05758\/\"><img loading=\"lazy\" decoding=\"async\" data-attachment-id=\"95\" data-orig-file=\"https:\/\/tradgransen.se\/wp-content\/uploads\/2018\/09\/DSC05758.jpg\" data-orig-size=\"3888,2592\" data-comments-opened=\"1\" data-image-meta=\"{&quot;aperture&quot;:&quot;1.8&quot;,&quot;credit&quot;:&quot;&quot;,&quot;camera&quot;:&quot;DSC-RX100&quot;,&quot;caption&quot;:&quot;&quot;,&quot;created_timestamp&quot;:&quot;1514939273&quot;,&quot;copyright&quot;:&quot;&quot;,&quot;focal_length&quot;:&quot;10.4&quot;,&quot;iso&quot;:&quot;3200&quot;,&quot;shutter_speed&quot;:&quot;0.2&quot;,&quot;title&quot;:&quot;&quot;,&quot;orientation&quot;:&quot;1&quot;}\" data-image-title=\"Full moon shadows\" data-image-description=\"\" data-medium-file=\"https:\/\/tradgransen.se\/wp-content\/uploads\/2018\/09\/DSC05758-300x200.jpg\" data-large-file=\"https:\/\/tradgransen.se\/wp-content\/uploads\/2018\/09\/DSC05758-1024x683.jpg\" src=\"https:\/\/tradgransen.se\/wp-content\/uploads\/2018\/09\/DSC05758-733x489.jpg\" width=\"733\" height=\"489\" align=\"left\" title=\"Full moon shadows\" \/><\/a><\/div><\/div><\/div><div class=\"gallery-row\" style=\"width: 1083px; height: 719px;\"><div class=\"gallery-group images-1\" style=\"width: 1083px; height: 723px;\"><div class=\"tiled-gallery-item tiled-gallery-item-large\"><a href=\"https:\/\/tradgransen.se\/index.php\/photo-gallery\/treeandman\/\"><img loading=\"lazy\" decoding=\"async\" data-attachment-id=\"82\" data-orig-file=\"https:\/\/tradgransen.se\/wp-content\/uploads\/2018\/09\/treeandman.jpg\" data-orig-size=\"1167,778\" data-comments-opened=\"1\" data-image-meta=\"{&quot;aperture&quot;:&quot;5.6&quot;,&quot;credit&quot;:&quot;&quot;,&quot;camera&quot;:&quot;DSC-RX100&quot;,&quot;caption&quot;:&quot;&quot;,&quot;created_timestamp&quot;:&quot;1514639816&quot;,&quot;copyright&quot;:&quot;&quot;,&quot;focal_length&quot;:&quot;10.4&quot;,&quot;iso&quot;:&quot;125&quot;,&quot;shutter_speed&quot;:&quot;0.002&quot;,&quot;title&quot;:&quot;&quot;,&quot;orientation&quot;:&quot;1&quot;}\" data-image-title=\"Isak on the brink\" data-image-description=\"\" data-medium-file=\"https:\/\/tradgransen.se\/wp-content\/uploads\/2018\/09\/treeandman-300x200.jpg\" data-large-file=\"https:\/\/tradgransen.se\/wp-content\/uploads\/2018\/09\/treeandman-1024x683.jpg\" src=\"https:\/\/tradgransen.se\/wp-content\/uploads\/2018\/09\/treeandman-1079x719.jpg\" width=\"1079\" height=\"719\" align=\"left\" title=\"Isak on the brink\" \/><\/a><\/div><\/div><\/div><\/div>\n<p>&nbsp;<\/p>\n","protected":false},"excerpt":{"rendered":"<p>&nbsp;<\/p>\n","protected":false},"author":1,"featured_media":497,"parent":0,"menu_order":0,"comment_status":"closed","ping_status":"closed","template":"","meta":{"footnotes":""},"class_list":["post-57","page","type-page","status-publish","has-post-thumbnail","hentry"],"_links":{"self":[{"href":"https:\/\/tradgransen.se\/index.php\/wp-json\/wp\/v2\/pages\/57"}],"collection":[{"href":"https:\/\/tradgransen.se\/index.php\/wp-json\/wp\/v2\/pages"}],"about":[{"href":"https:\/\/tradgransen.se\/index.php\/wp-json\/wp\/v2\/types\/page"}],"author":[{"embeddable":true,"href":"https:\/\/tradgransen.se\/index.php\/wp-json\/wp\/v2\/users\/1"}],"replies":[{"embeddable":true,"href":"https:\/\/tradgransen.se\/index.php\/wp-json\/wp\/v2\/comments?post=57"}],"version-history":[{"count":16,"href":"https:\/\/tradgransen.se\/index.php\/wp-json\/wp\/v2\/pages\/57\/revisions"}],"predecessor-version":[{"id":547,"href":"https:\/\/tradgransen.se\/index.php\/wp-json\/wp\/v2\/pages\/57\/revisions\/547"}],"wp:featuredmedia":[{"embeddable":true,"href":"https:\/\/tradgransen.se\/index.php\/wp-json\/wp\/v2\/media\/497"}],"wp:attachment":[{"href":"https:\/\/tradgransen.se\/index.php\/wp-json\/wp\/v2\/media?parent=57"}],"curies":[{"name":"wp","href":"https:\/\/api.w.org\/{rel}","templated":true}]}}